{"id":68,"date":"2017-05-05T20:36:54","date_gmt":"2017-05-05T23:36:54","guid":{"rendered":"https:\/\/modernthemes.net\/demo\/business\/?page_id=68"},"modified":"2017-06-05T18:12:10","modified_gmt":"2017-06-05T21:12:10","slug":"metodologia-conin","status":"publish","type":"page","link":"https:\/\/www.coninsanmiguel.com.ar\/web\/?page_id=68","title":{"rendered":"Metodolog\u00eda CONIN"},"content":{"rendered":"<p><img loading=\"lazy\" decoding=\"async\" class=\"alignnone size-full wp-image-422\" src=\"https:\/\/www.coninsanmiguel.com.ar\/web\/wp-content\/uploads\/2017\/05\/enlasala-800x451.jpg\" alt=\"\" width=\"800\" height=\"451\" srcset=\"https:\/\/www.coninsanmiguel.com.ar\/web\/wp-content\/uploads\/2017\/05\/enlasala-800x451.jpg 800w, https:\/\/www.coninsanmiguel.com.ar\/web\/wp-content\/uploads\/2017\/05\/enlasala-800x451-300x169.jpg 300w, https:\/\/www.coninsanmiguel.com.ar\/web\/wp-content\/uploads\/2017\/05\/enlasala-800x451-768x433.jpg 768w\" sizes=\"auto, (max-width: 800px) 100vw, 800px\" \/><\/p>\n<p>Los primeros a\u00f1os de la vida constituyen la fase m\u00e1s din\u00e1mica en el proceso de crecimiento y \u00e9ste resulta extremadamente vulnerable a las diferentes condiciones.\u00a0Los d\u00e9ficits o excesos en el estado nutricional infantil est\u00e1n asociados a m\u00faltiples factores del ambiente en el que el ni\u00f1o vive desde su concepci\u00f3n.<\/p>\n<p>Durante este \u201cper\u00edodo cr\u00edtico\u201d, gracias a las caracter\u00edsticas del desarrollo cerebral, podemos intervenir positivamente: a nivel\u00a0nutricional;\u00a0a nivel\u00a0familiar, fortaleciendo v\u00ednculos y lazos; y\u00a0a nivel del\u00a0desarrollo, estimulando al ni\u00f1o a nivel psico-afectivo y motor. De esta forma es posible\u00a0revertir el da\u00f1o; pero pasado este per\u00edodo pueden quedar secuelas permanentes que dificultan la adaptaci\u00f3n a la sociedad, la habilidad emocional y el aprendizaje.<\/p>\n<p>Las capacidades que puede alcanzar un individuo dependen tanto de factores gen\u00e9ticos como ambientales. Es durante los primeros a\u00f1os de vida cuando las experiencias dejan huellas profundas, ya sean positivas o negativas.\u00a0En condiciones de pobreza cr\u00f3nica, propias del subdesarrollo, gran parte de las personas se ven limitados en la expresi\u00f3n de sus potencialidades gen\u00e9ticas, tanto f\u00edsicas como intelectuales.\u00a0No solo el individuo sufre estas circunstancias, sino tambi\u00e9n la sociedad, que se ve limitada en sus posibilidades de progreso y desarrollo.<\/p>\n<p>El\u00a0 modelo de Fundaci\u00f3n CONIN se basa en el abordaje integral de la problem\u00e1tica social que da origen a la extrema pobreza y su consecuencia directa: la Desnutrici\u00f3n.\u00a0La eficacia del M\u00e9todo CONIN para la prevenci\u00f3n y tratamiento de la Desnutrici\u00f3n, radica en el accionar sobre las causas, ya que act\u00faa\u00a0m\u00e1s all\u00e1 de los parches asistenciales que s\u00f3lo atienden la urgencia.<\/p>\n<p>Todos los programas que\u00a0 desarrolla la metodolog\u00eda CONIN\u00a0est\u00e1n dirigidos a realizar acompa\u00f1amiento del grupo familiar a trav\u00e9s de la\u00a0asistencia\u00a0y\u00a0educaci\u00f3n. As\u00ed, se pretende fortalecer\u00a0factores protectores y\u00a0buscar estrategias para minimizar o erradicar los factores de riesgo que se visualizan en el grupo familiar del ni\u00f1o.<\/p>\n<blockquote><p><strong>Una vez que la madre y sus hijos son incorporados al programa, <\/strong><strong>los ni\u00f1os son atendidos semanalmente<\/strong><strong> por nutricionistas, pediatras, psicopedagogas, estimuladoras,\u00a0 psicomotricistas y\u00a0 asistente social,\u00a0 que realizan un seguimiento exhaustivo de cada uno.<\/strong><\/p><\/blockquote>\n<p>Por otro lado, <strong>sus madres son guiadas y asesoradas en diversos talleres y actividades <\/strong>con el \u00fanico fin de capacitarlas y ayudarlas a crecer y sostener el crecimiento de sus hijos, y al mismo tiempo elevar sus expectativas culturales y sociales.<\/p>\n<p>Los ni\u00f1os que comienzan el tratamiento, en su mayor\u00eda, logran iniciar la recuperaci\u00f3n nutricional y mejorar su desarrollo psicomotriz, modificando sus h\u00e1bitos alimentarios y la comprensi\u00f3n. Es fundamental el compromiso materno con el tratamiento del ni\u00f1o, con la contenci\u00f3n y el acompa\u00f1amiento de la familia y la comunidad.<\/p>\n<p>En nuestro Centro se atiende \u00a0los d\u00edas martes,\u00a0 mi\u00e9rcoles y jueves de 8:30 a 13 hs<\/p>\n","protected":false},"excerpt":{"rendered":"<p>Los primeros a\u00f1os de la vida constituyen la fase m\u00e1s din\u00e1mica en el proceso de crecimiento y \u00e9ste resulta extremadamente vulnerable a las diferentes condiciones.\u00a0Los d\u00e9ficits o excesos en el [&hellip;]<\/p>\n","protected":false},"author":1,"featured_media":0,"parent":0,"menu_order":4,"comment_status":"closed","ping_status":"closed","template":"","meta":{"_acf_changed":false,"footnotes":""},"class_list":["post-68","page","type-page","status-publish","hentry"],"acf":[],"_links":{"self":[{"href":"https:\/\/www.coninsanmiguel.com.ar\/web\/index.php?rest_route=\/wp\/v2\/pages\/68","targetHints":{"allow":["GET"]}}],"collection":[{"href":"https:\/\/www.coninsanmiguel.com.ar\/web\/index.php?rest_route=\/wp\/v2\/pages"}],"about":[{"href":"https:\/\/www.coninsanmiguel.com.ar\/web\/index.php?rest_route=\/wp\/v2\/types\/page"}],"author":[{"embeddable":true,"href":"https:\/\/www.coninsanmiguel.com.ar\/web\/index.php?rest_route=\/wp\/v2\/users\/1"}],"replies":[{"embeddable":true,"href":"https:\/\/www.coninsanmiguel.com.ar\/web\/index.php?rest_route=%2Fwp%2Fv2%2Fcomments&post=68"}],"version-history":[{"count":8,"href":"https:\/\/www.coninsanmiguel.com.ar\/web\/index.php?rest_route=\/wp\/v2\/pages\/68\/revisions"}],"predecessor-version":[{"id":423,"href":"https:\/\/www.coninsanmiguel.com.ar\/web\/index.php?rest_route=\/wp\/v2\/pages\/68\/revisions\/423"}],"wp:attachment":[{"href":"https:\/\/www.coninsanmiguel.com.ar\/web\/index.php?rest_route=%2Fwp%2Fv2%2Fmedia&parent=68"}],"curies":[{"name":"wp","href":"https:\/\/api.w.org\/{rel}","templated":true}]}}