{"id":49,"date":"2017-05-05T16:59:05","date_gmt":"2017-05-05T19:59:05","guid":{"rendered":"https:\/\/modernthemes.net\/demo\/business\/?page_id=49"},"modified":"2017-05-16T16:03:58","modified_gmt":"2017-05-16T19:03:58","slug":"dr-abel-albino","status":"publish","type":"page","link":"https:\/\/www.coninsanmiguel.com.ar\/web\/?page_id=49","title":{"rendered":"Dr. Abel Albino"},"content":{"rendered":"<p><strong>Dr. Abel Albino: Fundador y Presidente de Fundaci\u00f3n CONIN<\/strong><\/p>\n<p>\u201cNaci\u00f3 en el a\u00f1o 1946 en Buenos Aires.En 1972 se gradu\u00f3 con el t\u00edtulo de m\u00e9dico en la Universidad de Tucum\u00e1n. Al a\u00f1o siguiente, viaj\u00f3 a Chile para especializarse en Pediatr\u00eda en el Hospital Luis Calvo Mackena; ah\u00ed conoci\u00f3 al Prof. Dr. Fernando M\u00f6nckeberg, donde se contact\u00f3 por primera vez con la problem\u00e1tica de la desnutrici\u00f3n infantil.<\/p>\n<p>En 1987, se doctor\u00f3 en Medicina en la Universidad Nacional de Cuyo. ?Despu\u00e9s de un tiempo, en 1992, se traslad\u00f3 a Espa\u00f1a para estudiar Biolog\u00eda Molecular en la Universidad de Navarra. Le produjo profunda tristeza ver la brecha entre Europa y la Argentina; pa\u00edses tan peque\u00f1os y poderosos, frente al nuestro que, siendo infinitamente m\u00e1s rico, se encontraba tan empobrecido.<\/p>\n<p>Decidi\u00f3 entonces regresar a Mendoza y organiz\u00f3 un congreso en el que invit\u00f3 al Prof. Dr. Fernando M\u00f6nckeberg, quien disert\u00f3 sobre la \u00fanica debilidad mental que se puede prevenir y revertir, la \u00fanica creada por el hombre, la debilidad mental del desnutrido. <strong>As\u00ed, junto a un gran n\u00famero de colaboradores, el 4 de septiembre de 1993 cre\u00f3 en endoza, Argentina, la Fundaci\u00f3n CONIN (Cooperadora de la Nutrici\u00f3n Infantil).\u201d<\/strong><\/p>\n","protected":false},"excerpt":{"rendered":"<p>Dr. Abel Albino: Fundador y Presidente de Fundaci\u00f3n CONIN \u201cNaci\u00f3 en el a\u00f1o 1946 en Buenos Aires.En 1972 se gradu\u00f3 con el t\u00edtulo de m\u00e9dico en la Universidad de Tucum\u00e1n. [&hellip;]<\/p>\n","protected":false},"author":1,"featured_media":0,"parent":0,"menu_order":7,"comment_status":"closed","ping_status":"closed","template":"","meta":{"_acf_changed":false,"footnotes":""},"class_list":["post-49","page","type-page","status-publish","hentry"],"acf":[],"_links":{"self":[{"href":"https:\/\/www.coninsanmiguel.com.ar\/web\/index.php?rest_route=\/wp\/v2\/pages\/49","targetHints":{"allow":["GET"]}}],"collection":[{"href":"https:\/\/www.coninsanmiguel.com.ar\/web\/index.php?rest_route=\/wp\/v2\/pages"}],"about":[{"href":"https:\/\/www.coninsanmiguel.com.ar\/web\/index.php?rest_route=\/wp\/v2\/types\/page"}],"author":[{"embeddable":true,"href":"https:\/\/www.coninsanmiguel.com.ar\/web\/index.php?rest_route=\/wp\/v2\/users\/1"}],"replies":[{"embeddable":true,"href":"https:\/\/www.coninsanmiguel.com.ar\/web\/index.php?rest_route=%2Fwp%2Fv2%2Fcomments&post=49"}],"version-history":[{"count":4,"href":"https:\/\/www.coninsanmiguel.com.ar\/web\/index.php?rest_route=\/wp\/v2\/pages\/49\/revisions"}],"predecessor-version":[{"id":343,"href":"https:\/\/www.coninsanmiguel.com.ar\/web\/index.php?rest_route=\/wp\/v2\/pages\/49\/revisions\/343"}],"wp:attachment":[{"href":"https:\/\/www.coninsanmiguel.com.ar\/web\/index.php?rest_route=%2Fwp%2Fv2%2Fmedia&parent=49"}],"curies":[{"name":"wp","href":"https:\/\/api.w.org\/{rel}","templated":true}]}}