{"id":377,"date":"2017-05-16T16:24:35","date_gmt":"2017-05-16T19:24:35","guid":{"rendered":"http:\/\/www.coninsanmiguel.com.ar\/web\/?page_id=377"},"modified":"2017-05-16T16:26:27","modified_gmt":"2017-05-16T19:26:27","slug":"padrinazgo","status":"publish","type":"page","link":"https:\/\/www.coninsanmiguel.com.ar\/web\/?page_id=377","title":{"rendered":"Padrinazgo"},"content":{"rendered":"<p>Tu\u00a0 empresa , organizaci\u00f3n o vos mismo, \u00a0pueden apadrinar uno o m\u00e1s ni\u00f1os que asisten al <strong>Centro CONIN San Miguel<\/strong>. De esta manera, le da la oportunidad de recibir educaci\u00f3n y asistencia alimentaria, tanto al ni\u00f1o, como a su familia.<\/p>\n","protected":false},"excerpt":{"rendered":"<p>Tu\u00a0 empresa , organizaci\u00f3n o vos mismo, \u00a0pueden apadrinar uno o m\u00e1s ni\u00f1os que asisten al Centro CONIN San Miguel. De esta manera, le da la oportunidad de recibir educaci\u00f3n [&hellip;]<\/p>\n","protected":false},"author":1,"featured_media":0,"parent":0,"menu_order":14,"comment_status":"closed","ping_status":"closed","template":"","meta":{"_acf_changed":false,"footnotes":""},"class_list":["post-377","page","type-page","status-publish","hentry"],"acf":[],"_links":{"self":[{"href":"https:\/\/www.coninsanmiguel.com.ar\/web\/index.php?rest_route=\/wp\/v2\/pages\/377","targetHints":{"allow":["GET"]}}],"collection":[{"href":"https:\/\/www.coninsanmiguel.com.ar\/web\/index.php?rest_route=\/wp\/v2\/pages"}],"about":[{"href":"https:\/\/www.coninsanmiguel.com.ar\/web\/index.php?rest_route=\/wp\/v2\/types\/page"}],"author":[{"embeddable":true,"href":"https:\/\/www.coninsanmiguel.com.ar\/web\/index.php?rest_route=\/wp\/v2\/users\/1"}],"replies":[{"embeddable":true,"href":"https:\/\/www.coninsanmiguel.com.ar\/web\/index.php?rest_route=%2Fwp%2Fv2%2Fcomments&post=377"}],"version-history":[{"count":1,"href":"https:\/\/www.coninsanmiguel.com.ar\/web\/index.php?rest_route=\/wp\/v2\/pages\/377\/revisions"}],"predecessor-version":[{"id":378,"href":"https:\/\/www.coninsanmiguel.com.ar\/web\/index.php?rest_route=\/wp\/v2\/pages\/377\/revisions\/378"}],"wp:attachment":[{"href":"https:\/\/www.coninsanmiguel.com.ar\/web\/index.php?rest_route=%2Fwp%2Fv2%2Fmedia&parent=377"}],"curies":[{"name":"wp","href":"https:\/\/api.w.org\/{rel}","templated":true}]}}