{"id":370,"date":"2017-05-16T16:17:07","date_gmt":"2017-05-16T19:17:07","guid":{"rendered":"http:\/\/www.coninsanmiguel.com.ar\/web\/?page_id=370"},"modified":"2017-07-10T16:21:23","modified_gmt":"2017-07-10T19:21:23","slug":"voluntariado","status":"publish","type":"page","link":"https:\/\/www.coninsanmiguel.com.ar\/web\/?page_id=370","title":{"rendered":"Voluntariado"},"content":{"rendered":"<blockquote>\n<p style=\"text-align: left;\"><strong>A veces sentimos que lo que hacemos es tan solo una gota en el mar, pero el mar ser\u00eda menos mar si le faltara esa gota<br \/>\n<\/strong><em>Madre Teresa de Calcuta<\/em><\/p>\n<\/blockquote>\n<p style=\"text-align: center;\"><span style=\"color: #008080;\"><strong>Equipos de voluntarios<\/strong><\/span><\/p>\n<p>En la <strong>Fundaci\u00f3n Con Esperanza<\/strong> tenemos\u00a0 la firme convicci\u00f3n \u00a0de que los grandes cambios que nuestra Patria necesita se logran\u00a0 a partir de la suma de peque\u00f1as y generosas acciones que hacen que el futuro de nuestros chicos se alimente d\u00eda a d\u00eda.\u00a0 En esta tarea el trabajo del voluntariado \u00a0es uno de los pilares del funcionamiento del <strong>Centro CONIN<\/strong>.\u00a0 Contamos con un comprometido equipo \u00a0de voluntarios que, de manera desinteresada, colaboran y participan solidariamente\u00a0 en las distintas \u00e1reas de nuestras actividades.<\/p>\n<p>La tarea del voluntariado se desarrolla en un espacio donde se\u00a0 integran\u00a0 las necesidades de quienes precisan ayuda, con la generosidad de quienes ofrecen su trabajo y amor a los ni\u00f1os, a sus madres y en ellos a las familias de<strong> CONIN<\/strong>.<\/p>\n<p>El trabajar en pos de un objetivo com\u00fan,\u00a0 va generando un\u00a0 verdadero\u00a0 equipo de voluntarios que comparten la experiencia de ser parte de un cambio que se \u00a0va construyendo entre todos.<\/p>\n<p>Si quer\u00e9s ofrecerte para formar parte de este Voluntariado, asumiendo un compromiso con los principios y objetivos de la Familia Conin, dando\u00a0 tu tiempo, tus habilidades o con otros\u00a0 recursos, contactate con nosotros.<\/p>\n<p style=\"text-align: center;\"><span style=\"color: #008080; font-size: 12pt;\"><strong>\u00a1El desaf\u00edo que tenemos por delante es enorme y estamos en camino, contamos con vos!<\/strong><\/span><\/p>\n<p><span style=\"color: #008080;\"><strong>Perfil del Voluntario<\/strong><\/span><\/p>\n<p><img loading=\"lazy\" decoding=\"async\" class=\"size-medium wp-image-431 alignright\" src=\"https:\/\/www.coninsanmiguel.com.ar\/web\/wp-content\/uploads\/2017\/05\/voluntarias-169x300.jpg\" alt=\"\" width=\"169\" height=\"300\" srcset=\"https:\/\/www.coninsanmiguel.com.ar\/web\/wp-content\/uploads\/2017\/05\/voluntarias-169x300.jpg 169w, https:\/\/www.coninsanmiguel.com.ar\/web\/wp-content\/uploads\/2017\/05\/voluntarias-577x1024.jpg 577w, https:\/\/www.coninsanmiguel.com.ar\/web\/wp-content\/uploads\/2017\/05\/voluntarias.jpg 721w\" sizes=\"auto, (max-width: 169px) 100vw, 169px\" \/>Buscamos formar un equipo de voluntarios que: <strong><br \/>\n<\/strong><\/p>\n<ul>\n<li>Se comprometa con los fines y la misi\u00f3n de la familia <strong>CONIN<\/strong>.<\/li>\n<li>Tengo una s\u00f3lida conciencia solidaria, esto es que viva la entrega generosa a los dem\u00e1s como un valor \u00e9tico.<\/li>\n<li>Realice sus tareas con la alegr\u00eda propia del servicio.<\/li>\n<li>Tengaun fuerte sentido del trabajo en equipo, con una actitud entusiasta y desinteresada.<\/li>\n<li>Viva su voluntariado como una elecci\u00f3n comprometida para brindar su experiencia y compartir sus saberes, estando siempre abierto a capacitarse y mejorar.<\/li>\n<\/ul>\n<p><strong>Tareas del voluntariado en el Centro:<br \/>\n<\/strong><\/p>\n<ul>\n<li><strong><img loading=\"lazy\" decoding=\"async\" class=\"size-thumbnail wp-image-437 alignright\" src=\"https:\/\/www.coninsanmiguel.com.ar\/web\/wp-content\/uploads\/2017\/05\/ROPERITO-150x150.jpg\" alt=\"\" width=\"150\" height=\"150\" \/><\/strong>Con los ni\u00f1os en las salas, en los espacios de juegos, y estimulaci\u00f3n.<\/li>\n<li>Con las madres en talleres de oficios y tambi\u00e9n en charlas formativas.<\/li>\n<li>En la cocina, preparando los desayunos o colaciones de la ma\u00f1ana.<\/li>\n<li>En el roperito.<\/li>\n<li>En el dep\u00f3sito de alimentos.<\/li>\n<\/ul>\n<p><strong>Tareas de Apoyo:<\/strong><\/p>\n<ul>\n<li>Transporte.<\/li>\n<li>Comunicaci\u00f3n.<\/li>\n<li>Donaciones.<\/li>\n<\/ul>\n<p>Si quer\u00e9s formar parte de nuestro equipo, <strong><a href=\"https:\/\/www.coninsanmiguel.com.ar\/web\/?page_id=379\">complet\u00e1 este formulario<\/a><\/strong> para que nos pongamos en contacto con vos.<\/p>\n","protected":false},"excerpt":{"rendered":"<p>A veces sentimos que lo que hacemos es tan solo una gota en el mar, pero el mar ser\u00eda menos mar si le faltara esa gota Madre Teresa de Calcuta [&hellip;]<\/p>\n","protected":false},"author":1,"featured_media":0,"parent":0,"menu_order":12,"comment_status":"closed","ping_status":"closed","template":"","meta":{"_acf_changed":false,"footnotes":""},"class_list":["post-370","page","type-page","status-publish","hentry"],"acf":[],"_links":{"self":[{"href":"https:\/\/www.coninsanmiguel.com.ar\/web\/index.php?rest_route=\/wp\/v2\/pages\/370","targetHints":{"allow":["GET"]}}],"collection":[{"href":"https:\/\/www.coninsanmiguel.com.ar\/web\/index.php?rest_route=\/wp\/v2\/pages"}],"about":[{"href":"https:\/\/www.coninsanmiguel.com.ar\/web\/index.php?rest_route=\/wp\/v2\/types\/page"}],"author":[{"embeddable":true,"href":"https:\/\/www.coninsanmiguel.com.ar\/web\/index.php?rest_route=\/wp\/v2\/users\/1"}],"replies":[{"embeddable":true,"href":"https:\/\/www.coninsanmiguel.com.ar\/web\/index.php?rest_route=%2Fwp%2Fv2%2Fcomments&post=370"}],"version-history":[{"count":13,"href":"https:\/\/www.coninsanmiguel.com.ar\/web\/index.php?rest_route=\/wp\/v2\/pages\/370\/revisions"}],"predecessor-version":[{"id":444,"href":"https:\/\/www.coninsanmiguel.com.ar\/web\/index.php?rest_route=\/wp\/v2\/pages\/370\/revisions\/444"}],"wp:attachment":[{"href":"https:\/\/www.coninsanmiguel.com.ar\/web\/index.php?rest_route=%2Fwp%2Fv2%2Fmedia&parent=370"}],"curies":[{"name":"wp","href":"https:\/\/api.w.org\/{rel}","templated":true}]}}