{"id":363,"date":"2017-05-16T16:01:58","date_gmt":"2017-05-16T19:01:58","guid":{"rendered":"http:\/\/www.coninsanmiguel.com.ar\/web\/?page_id=363"},"modified":"2020-06-23T14:26:38","modified_gmt":"2020-06-23T17:26:38","slug":"quienes-somos","status":"publish","type":"page","link":"https:\/\/www.coninsanmiguel.com.ar\/web\/?page_id=363","title":{"rendered":"Quienes somos"},"content":{"rendered":"<p><strong>CONSEJO ADMINISTRATIVO<\/strong><\/p>\n<p style=\"padding-left: 30px;\"><strong>Presidente:<\/strong> <em>Pablo Debernardi<\/em><br \/>\n<strong>Secretario:<\/strong><em> Ezequiel Basombrio<\/em><br \/>\n<strong>Tesorero:<\/strong> <em>Nicol\u00e1s M\u00e9dico<\/em><br \/>\n<strong>Vocal:<\/strong> <em>Juan Ignacio Cordon<\/em><br \/>\n<strong>Vocal:<\/strong> <em>Federico de la Barra<\/em><\/p>\n<p><strong>EQUIPO DE TRABAJO CENTRO CONIN SAN MIGUEL<\/strong><\/p>\n<p style=\"padding-left: 30px;\"><strong>Direcci\u00f3n Ejecutiva:<\/strong><em> Bel\u00e9n Klappenbach<\/em><br \/>\n<strong>Coordinaci\u00f3n:<\/strong> <em>Clara Rodr\u00edguez Ega\u00f1a<\/em><br \/>\n<strong>Secretar\u00eda Administrativa:<\/strong> <em>Bel\u00e9n Zacar\u00edas<\/em><\/p>\n<p style=\"padding-left: 30px;\"><strong>\u00c1rea nutrici\u00f3n:<\/strong> <em>Lic. Luc\u00eda Guardati y <\/em><em>Lic. Mar\u00eda In\u00e9s Canale<\/em><br \/>\n<strong>\u00c1rea pediatr\u00eda:<\/strong> <em>Dra. Young Shin Chun,<\/em> <em>Dra. Natalia Svartz y <\/em><em>Dra. Rosario de la Torre<\/em><\/p>\n<p style=\"padding-left: 30px;\"><strong>Area de desarrollo infantil<\/strong><\/p>\n<p style=\"padding-left: 60px;\"><strong>Estimulaci\u00f3n:<\/strong> <em>Mercedes Garrone<br \/>\n<\/em><strong>Psicopedagog\u00eda: <\/strong><em>Lic. Lucila Alende<br \/>\n<\/em><strong>Fonoaudiolog\u00eda:<\/strong> <em>Lic. Ana de Estrada<\/em><br \/>\n<strong>Espacio de Juego:<\/strong> <em>Graciela Guillot y Jazm\u00edn Botta<\/em><\/p>\n<p style=\"padding-left: 30px;\"><strong>Dep\u00f3sito Alimentos:<\/strong> <em>Virginia Anderson y Fernanda Spilotti<br \/>\n<\/em><\/p>\n","protected":false},"excerpt":{"rendered":"<p>CONSEJO ADMINISTRATIVO Presidente: Pablo Debernardi Secretario: Ezequiel Basombrio Tesorero: Nicol\u00e1s M\u00e9dico Vocal: Juan Ignacio Cordon Vocal: Federico de la Barra EQUIPO DE TRABAJO CENTRO CONIN SAN MIGUEL Direcci\u00f3n Ejecutiva: Bel\u00e9n [&hellip;]<\/p>\n","protected":false},"author":1,"featured_media":0,"parent":0,"menu_order":3,"comment_status":"closed","ping_status":"closed","template":"","meta":{"_acf_changed":false,"footnotes":""},"class_list":["post-363","page","type-page","status-publish","hentry"],"acf":[],"_links":{"self":[{"href":"https:\/\/www.coninsanmiguel.com.ar\/web\/index.php?rest_route=\/wp\/v2\/pages\/363","targetHints":{"allow":["GET"]}}],"collection":[{"href":"https:\/\/www.coninsanmiguel.com.ar\/web\/index.php?rest_route=\/wp\/v2\/pages"}],"about":[{"href":"https:\/\/www.coninsanmiguel.com.ar\/web\/index.php?rest_route=\/wp\/v2\/types\/page"}],"author":[{"embeddable":true,"href":"https:\/\/www.coninsanmiguel.com.ar\/web\/index.php?rest_route=\/wp\/v2\/users\/1"}],"replies":[{"embeddable":true,"href":"https:\/\/www.coninsanmiguel.com.ar\/web\/index.php?rest_route=%2Fwp%2Fv2%2Fcomments&post=363"}],"version-history":[{"count":5,"href":"https:\/\/www.coninsanmiguel.com.ar\/web\/index.php?rest_route=\/wp\/v2\/pages\/363\/revisions"}],"predecessor-version":[{"id":1161,"href":"https:\/\/www.coninsanmiguel.com.ar\/web\/index.php?rest_route=\/wp\/v2\/pages\/363\/revisions\/1161"}],"wp:attachment":[{"href":"https:\/\/www.coninsanmiguel.com.ar\/web\/index.php?rest_route=%2Fwp%2Fv2%2Fmedia&parent=363"}],"curies":[{"name":"wp","href":"https:\/\/api.w.org\/{rel}","templated":true}]}}