{"id":356,"date":"2017-05-15T20:09:55","date_gmt":"2017-05-15T23:09:55","guid":{"rendered":"http:\/\/www.coninsanmiguel.com.ar\/web\/?page_id=356"},"modified":"2017-05-16T16:05:19","modified_gmt":"2017-05-16T19:05:19","slug":"programa-extension-educativa-colegios","status":"publish","type":"page","link":"https:\/\/www.coninsanmiguel.com.ar\/web\/?page_id=356","title":{"rendered":"Programa Extensi\u00f3n educativa: colegios"},"content":{"rendered":"<p>Nos acercamos\u00a0 a los Colegios\u00a0 de la zona a fin de poner en marcha un proyecto integral\u00a0 que busca no solo dar a conocer la obra de <strong>CONIN<\/strong> sino tambi\u00e9n concientizar sobre los riegos de la desnutrici\u00f3n, priorizando en el alumnado la importancia de una buena alimentaci\u00f3n para un crecimiento sano, siempre dentro del espacio ense\u00f1anza- aprendizaje apropiados. Por otro lado\u00a0 busca que se solidaricen con quienes m\u00e1s lo necesitan organizando alguna campa\u00f1a de recolecci\u00f3n de alimentos para donar.<\/p>\n<p>Tambi\u00e9n queremos llegar a las familias de la comunidad educativa que quieran sumarse como voluntarios o amigos colaboradores de esta obra.<\/p>\n","protected":false},"excerpt":{"rendered":"<p>Nos acercamos\u00a0 a los Colegios\u00a0 de la zona a fin de poner en marcha un proyecto integral\u00a0 que busca no solo dar a conocer la obra de CONIN sino tambi\u00e9n [&hellip;]<\/p>\n","protected":false},"author":1,"featured_media":0,"parent":0,"menu_order":11,"comment_status":"closed","ping_status":"closed","template":"","meta":{"_acf_changed":false,"footnotes":""},"class_list":["post-356","page","type-page","status-publish","hentry"],"acf":[],"_links":{"self":[{"href":"https:\/\/www.coninsanmiguel.com.ar\/web\/index.php?rest_route=\/wp\/v2\/pages\/356","targetHints":{"allow":["GET"]}}],"collection":[{"href":"https:\/\/www.coninsanmiguel.com.ar\/web\/index.php?rest_route=\/wp\/v2\/pages"}],"about":[{"href":"https:\/\/www.coninsanmiguel.com.ar\/web\/index.php?rest_route=\/wp\/v2\/types\/page"}],"author":[{"embeddable":true,"href":"https:\/\/www.coninsanmiguel.com.ar\/web\/index.php?rest_route=\/wp\/v2\/users\/1"}],"replies":[{"embeddable":true,"href":"https:\/\/www.coninsanmiguel.com.ar\/web\/index.php?rest_route=%2Fwp%2Fv2%2Fcomments&post=356"}],"version-history":[{"count":1,"href":"https:\/\/www.coninsanmiguel.com.ar\/web\/index.php?rest_route=\/wp\/v2\/pages\/356\/revisions"}],"predecessor-version":[{"id":357,"href":"https:\/\/www.coninsanmiguel.com.ar\/web\/index.php?rest_route=\/wp\/v2\/pages\/356\/revisions\/357"}],"wp:attachment":[{"href":"https:\/\/www.coninsanmiguel.com.ar\/web\/index.php?rest_route=%2Fwp%2Fv2%2Fmedia&parent=356"}],"curies":[{"name":"wp","href":"https:\/\/api.w.org\/{rel}","templated":true}]}}