{"id":354,"date":"2017-05-15T20:09:10","date_gmt":"2017-05-15T23:09:10","guid":{"rendered":"http:\/\/www.coninsanmiguel.com.ar\/web\/?page_id=354"},"modified":"2017-05-16T16:05:10","modified_gmt":"2017-05-16T19:05:10","slug":"programa-roperito","status":"publish","type":"page","link":"https:\/\/www.coninsanmiguel.com.ar\/web\/?page_id=354","title":{"rendered":"Programa Roperito"},"content":{"rendered":"<p>Mas alla de recolectar ropa y otros elementos para entregar \u00a0las familias del Centro <strong>CONIN<\/strong> seg\u00fan sus necesidades, esta actividad se presenta como una ayuda que se suma a las otras que permiten a las familias vivir dignamente.<\/p>\n<p>Adem\u00e1s esta tarea se enfoca como una oportunidad m\u00e1s de establecer v\u00ednculos con las familias.<\/p>\n<p>El roperito se abre a la comunidad organizando\u00a0 ferias fuera del horario de trabajo <strong>CONIN<\/strong> a fin de invitar a los vecinos y conocer la obra del Centro.<\/p>\n","protected":false},"excerpt":{"rendered":"<p>Mas alla de recolectar ropa y otros elementos para entregar \u00a0las familias del Centro CONIN seg\u00fan sus necesidades, esta actividad se presenta como una ayuda que se suma a las [&hellip;]<\/p>\n","protected":false},"author":1,"featured_media":0,"parent":0,"menu_order":10,"comment_status":"closed","ping_status":"closed","template":"","meta":{"_acf_changed":false,"footnotes":""},"class_list":["post-354","page","type-page","status-publish","hentry"],"acf":[],"_links":{"self":[{"href":"https:\/\/www.coninsanmiguel.com.ar\/web\/index.php?rest_route=\/wp\/v2\/pages\/354","targetHints":{"allow":["GET"]}}],"collection":[{"href":"https:\/\/www.coninsanmiguel.com.ar\/web\/index.php?rest_route=\/wp\/v2\/pages"}],"about":[{"href":"https:\/\/www.coninsanmiguel.com.ar\/web\/index.php?rest_route=\/wp\/v2\/types\/page"}],"author":[{"embeddable":true,"href":"https:\/\/www.coninsanmiguel.com.ar\/web\/index.php?rest_route=\/wp\/v2\/users\/1"}],"replies":[{"embeddable":true,"href":"https:\/\/www.coninsanmiguel.com.ar\/web\/index.php?rest_route=%2Fwp%2Fv2%2Fcomments&post=354"}],"version-history":[{"count":1,"href":"https:\/\/www.coninsanmiguel.com.ar\/web\/index.php?rest_route=\/wp\/v2\/pages\/354\/revisions"}],"predecessor-version":[{"id":355,"href":"https:\/\/www.coninsanmiguel.com.ar\/web\/index.php?rest_route=\/wp\/v2\/pages\/354\/revisions\/355"}],"wp:attachment":[{"href":"https:\/\/www.coninsanmiguel.com.ar\/web\/index.php?rest_route=%2Fwp%2Fv2%2Fmedia&parent=354"}],"curies":[{"name":"wp","href":"https:\/\/api.w.org\/{rel}","templated":true}]}}