{"id":329,"date":"2017-05-10T19:19:49","date_gmt":"2017-05-10T22:19:49","guid":{"rendered":"http:\/\/www.coninsanmiguel.com.ar\/web\/?page_id=329"},"modified":"2017-06-05T17:51:11","modified_gmt":"2017-06-05T20:51:11","slug":"cronologia","status":"publish","type":"page","link":"https:\/\/www.coninsanmiguel.com.ar\/web\/?page_id=329","title":{"rendered":"Cronolog\u00eda"},"content":{"rendered":"<p><strong><img loading=\"lazy\" decoding=\"async\" class=\"size-full wp-image-406 alignnone\" src=\"https:\/\/www.coninsanmiguel.com.ar\/web\/wp-content\/uploads\/2017\/05\/casita-800x451.jpg\" alt=\"\" width=\"800\" height=\"451\" srcset=\"https:\/\/www.coninsanmiguel.com.ar\/web\/wp-content\/uploads\/2017\/05\/casita-800x451.jpg 800w, https:\/\/www.coninsanmiguel.com.ar\/web\/wp-content\/uploads\/2017\/05\/casita-800x451-300x169.jpg 300w, https:\/\/www.coninsanmiguel.com.ar\/web\/wp-content\/uploads\/2017\/05\/casita-800x451-768x433.jpg 768w\" sizes=\"auto, (max-width: 800px) 100vw, 800px\" \/><\/strong><\/p>\n<p><strong>2009 &#8211;<\/strong> Reuni\u00f3n constitutiva.<br \/>\n<span style=\"color: #ffffff;\"><strong>2009 &#8211;<\/strong> <\/span>Viaje a Mendoza para capacitaci\u00f3n.<\/p>\n<p><strong>2010 &#8211;<\/strong> Se comienza a trabajar en Barrio Mitre (C.I.C.) los d\u00edas mi\u00e9rcoles.<br \/>\n<span style=\"color: #ffffff;\"><strong>2010 &#8211;<\/strong> <\/span>Se firma el estatuto de la Fundaci\u00f3n.<br \/>\n<span style=\"color: #ffffff;\"><strong>2010 &#8211;<\/strong> <\/span>Se hace la reserva de la casa donde funciona el Centro.<br \/>\n<span style=\"color: #ffffff;\"><b><strong>2010 &#8211;<\/strong> <\/b><\/span>1er torneo de Golf solidario con lo que se puede financiar la adquisici\u00f3n de \u00a0la Sede.<\/p>\n<p><strong>2011 &#8211;<\/strong> Se obtiene la personer\u00eda jur\u00eddica.<br \/>\n<b><strong><span style=\"color: #ffffff;\">2011 &#8211;<\/span> <\/strong><\/b>Compra de la casa en\u00a0 la calle San Jos\u00e9 en el Barrio Mitre.<br \/>\n<strong><span style=\"color: #ffffff;\">2011 &#8211;<\/span> <\/strong>Se inicia obras de remodelamiento de la casa.<br \/>\n<span style=\"color: #ffffff;\"><strong>2011 &#8211;<\/strong> <\/span>Se crece en cantidad de ni\u00f1os y madres.<\/p>\n<p><strong>2012 &#8211;<\/strong> Se empieza a trabajar un segundo d\u00eda por semana.<br \/>\n<span style=\"color: #ffffff;\"><strong>2010 &#8211;<\/strong> <\/span>Se firma la franquicia CONIN con la presencia del Dr. Abel Albino.<br \/>\n<span style=\"color: #ffffff;\"><strong>2010 &#8211;<\/strong> <\/span>en el centro pasando a ser parte de la red CONIN.<\/p>\n<p><span style=\"color: #ffffff;\"><strong>2013 &#8211;<\/strong> <\/span>Se firma alianza con Potenciar Solidario, lo que nos ayuda en el<br \/>\n<span style=\"color: #ffffff;\"><strong>2013 &#8211;<\/strong> <\/span>orden y transparencia de procesos.<br \/>\n<span style=\"color: #ffffff;\"><strong>2013 &#8211;<\/strong> <\/span>Se comienzan obras de ampliaci\u00f3n del Centro para la apertura de una<br \/>\n<span style=\"color: #ffffff;\"><strong>2013 &#8211;<\/strong> <\/span>tercera vez por semana.<\/p>\n<p><strong>2014 &#8211;<\/strong> Se firma convenio con el Banco de Alimentos.<br \/>\n<span style=\"color: #ffffff;\"><strong>2014 &#8211;<\/strong> <\/span>Se suman nuevos participantes a la CD y se contrata a una<br \/>\n<strong><span style=\"color: #ffffff;\">2014 &#8211;<\/span> <\/strong>Coordinadora del Centro.<\/p>\n<p><strong>2015 &#8211;<\/strong> Se hacen nuevas obras (ropero y parque).<br \/>\n<strong><span style=\"color: #ffffff;\">2013 &#8211;<\/span> <\/strong>Se contin\u00faa el trabajo en el Centro incrementando la asistencia.<br \/>\n<strong><span style=\"color: #ffffff;\">2013 &#8211; <\/span><\/strong>Nueva directora y administrativa. Se consolida el equipo.<br \/>\n<strong><span style=\"color: #ffffff;\">2013 &#8211; <\/span><\/strong>Firma del convenio de ayuda con la Municipalidad de San Miguel.<\/p>\n<p><strong>2016 &#8211;<\/strong> Se realiza la primer cena anual con el objeto de recaudar fondos.<br \/>\n<span style=\"color: #ffffff;\"><strong>2016 &#8211;<\/strong> <\/span>Se incorpora maestra jardinera para coordinar las actividades de<br \/>\n<span style=\"color: #ffffff;\"><strong>2016 &#8211;<\/strong> <\/span>las voluntarias con los chicos.<\/p>\n<p><strong>2017 &#8211;<\/strong> Segu\u00edmos creciendo!!<\/p>\n","protected":false},"excerpt":{"rendered":"<p>2009 &#8211; Reuni\u00f3n constitutiva. 2009 &#8211; Viaje a Mendoza para capacitaci\u00f3n. 2010 &#8211; Se comienza a trabajar en Barrio Mitre (C.I.C.) los d\u00edas mi\u00e9rcoles. 2010 &#8211; Se firma el estatuto [&hellip;]<\/p>\n","protected":false},"author":1,"featured_media":0,"parent":0,"menu_order":6,"comment_status":"closed","ping_status":"closed","template":"","meta":{"_acf_changed":false,"footnotes":""},"class_list":["post-329","page","type-page","status-publish","hentry"],"acf":[],"_links":{"self":[{"href":"https:\/\/www.coninsanmiguel.com.ar\/web\/index.php?rest_route=\/wp\/v2\/pages\/329","targetHints":{"allow":["GET"]}}],"collection":[{"href":"https:\/\/www.coninsanmiguel.com.ar\/web\/index.php?rest_route=\/wp\/v2\/pages"}],"about":[{"href":"https:\/\/www.coninsanmiguel.com.ar\/web\/index.php?rest_route=\/wp\/v2\/types\/page"}],"author":[{"embeddable":true,"href":"https:\/\/www.coninsanmiguel.com.ar\/web\/index.php?rest_route=\/wp\/v2\/users\/1"}],"replies":[{"embeddable":true,"href":"https:\/\/www.coninsanmiguel.com.ar\/web\/index.php?rest_route=%2Fwp%2Fv2%2Fcomments&post=329"}],"version-history":[{"count":10,"href":"https:\/\/www.coninsanmiguel.com.ar\/web\/index.php?rest_route=\/wp\/v2\/pages\/329\/revisions"}],"predecessor-version":[{"id":417,"href":"https:\/\/www.coninsanmiguel.com.ar\/web\/index.php?rest_route=\/wp\/v2\/pages\/329\/revisions\/417"}],"wp:attachment":[{"href":"https:\/\/www.coninsanmiguel.com.ar\/web\/index.php?rest_route=%2Fwp%2Fv2%2Fmedia&parent=329"}],"curies":[{"name":"wp","href":"https:\/\/api.w.org\/{rel}","templated":true}]}}