{"id":136,"date":"2017-05-05T20:17:52","date_gmt":"2017-05-05T23:17:52","guid":{"rendered":"https:\/\/modernthemes.net\/demo\/business\/?page_id=136"},"modified":"2017-06-29T09:31:28","modified_gmt":"2017-06-29T12:31:28","slug":"mision","status":"publish","type":"page","link":"https:\/\/www.coninsanmiguel.com.ar\/web\/?page_id=136","title":{"rendered":"Misi\u00f3n &#8211; Visi\u00f3n"},"content":{"rendered":"<blockquote><p>El objetivo final de la <strong>Fundaci\u00f3n Con Esperanza<\/strong> es erradicar la desnutrici\u00f3n infantil en San Miguel, buscando que cada familia que asiste al centro logre una mejor calidad de vida.<\/p><\/blockquote>\n<p><strong>Visi\u00f3n:<\/strong> <em>Un pa\u00eds con igualdad de oportunidades en donde todos puedan desplegar su potencial gen\u00e9tico y optar con libertad el camino a seguir.<\/em><\/p>\n<p>Nuestro trabajo se centra en la prevenci\u00f3n y recuperaci\u00f3n de ni\u00f1os desnutridos.<\/p>\n<p>Creemos que la \u00fanica manera de combatir\u00a0 la desnutrici\u00f3n infantil es atacando de manera integral las\u00a0 causas que la generan, fortaleciendo a la familia, n\u00facleo donde el ni\u00f1o crece y se desarrolla.<\/p>\n<p>La desnutrici\u00f3n es consecuencia de un amplio y profundo conflicto social y con lleva la \u00fanica debilidad mental causada por el hombre y por tanto la \u00fanica que puede revertirse y prevenirse.<\/p>\n<p>La mala alimentaci\u00f3n y la falta de una estimulaci\u00f3n adecuada provocan el detenimiento del crecimiento cerebral generando secuelas irreversibles.<\/p>\n<p>Buscamos acompa\u00f1ar y asistir al grupo familiar, educ\u00e1ndolo y concientizando de su propia y fundamental tarea en la formaci\u00f3n de sus hijos.<\/p>\n","protected":false},"excerpt":{"rendered":"<p>El objetivo final de la Fundaci\u00f3n Con Esperanza es erradicar la desnutrici\u00f3n infantil en San Miguel, buscando que cada familia que asiste al centro logre una mejor calidad de vida. [&hellip;]<\/p>\n","protected":false},"author":1,"featured_media":0,"parent":0,"menu_order":2,"comment_status":"closed","ping_status":"closed","template":"","meta":{"_acf_changed":false,"footnotes":""},"class_list":["post-136","page","type-page","status-publish","hentry"],"acf":[],"_links":{"self":[{"href":"https:\/\/www.coninsanmiguel.com.ar\/web\/index.php?rest_route=\/wp\/v2\/pages\/136","targetHints":{"allow":["GET"]}}],"collection":[{"href":"https:\/\/www.coninsanmiguel.com.ar\/web\/index.php?rest_route=\/wp\/v2\/pages"}],"about":[{"href":"https:\/\/www.coninsanmiguel.com.ar\/web\/index.php?rest_route=\/wp\/v2\/types\/page"}],"author":[{"embeddable":true,"href":"https:\/\/www.coninsanmiguel.com.ar\/web\/index.php?rest_route=\/wp\/v2\/users\/1"}],"replies":[{"embeddable":true,"href":"https:\/\/www.coninsanmiguel.com.ar\/web\/index.php?rest_route=%2Fwp%2Fv2%2Fcomments&post=136"}],"version-history":[{"count":4,"href":"https:\/\/www.coninsanmiguel.com.ar\/web\/index.php?rest_route=\/wp\/v2\/pages\/136\/revisions"}],"predecessor-version":[{"id":333,"href":"https:\/\/www.coninsanmiguel.com.ar\/web\/index.php?rest_route=\/wp\/v2\/pages\/136\/revisions\/333"}],"wp:attachment":[{"href":"https:\/\/www.coninsanmiguel.com.ar\/web\/index.php?rest_route=%2Fwp%2Fv2%2Fmedia&parent=136"}],"curies":[{"name":"wp","href":"https:\/\/api.w.org\/{rel}","templated":true}]}}