{"id":127,"date":"2017-05-05T20:14:49","date_gmt":"2017-05-05T23:14:49","guid":{"rendered":"https:\/\/modernthemes.net\/demo\/business\/?page_id=127"},"modified":"2017-05-16T16:03:04","modified_gmt":"2017-05-16T19:03:04","slug":"introduccion","status":"publish","type":"page","link":"https:\/\/www.coninsanmiguel.com.ar\/web\/?page_id=127","title":{"rendered":"Introducci\u00f3n"},"content":{"rendered":"<p><strong>CONIN<\/strong> fue fundada por el <strong>Dr. Abel Pascual Albino<\/strong> en la provincia de Mendoza, en la Argentina, el 4 de septiembre de 1993. Albino tom\u00f3 el exitoso modelo de CONIN Chile, ideado por su fundador el Dr. Fernando M\u00f6nckeberg, quien logr\u00f3 exitosamente quebrar el flagelo de la desnutrici\u00f3n infantil en su pa\u00eds. El modelo chileno (Centros de Tratamiento) fue complementado en Argentina con los Centros de Prevenci\u00f3n de Desnutrici\u00f3n Infantil y Promoci\u00f3n Humana.<\/p>\n<p>Distintas asociaciones se han sumado, adoptando la Metodolog\u00eda CONIN en materia de prevenci\u00f3n de la desnutrici\u00f3n infantil y promoci\u00f3n humana, y conformaron as\u00ed la \u201c<strong>Familia CONIN<\/strong>\u201d, una red de Centros distribu\u00edda por todo el pa\u00eds.\u00a0 El Centro CONIN, San Miguel, de la Fundaci\u00f3n Con Esperanza, forma parte de esta gran familia junto a m\u00e1s de 60 Centros de Prevenci\u00f3n distribuidos en 15 provincias de la Argentina. A su vez, existen Centros CONIN en la Rep\u00fablica del Paraguay, en la Rep\u00fablica del Per\u00fa, y en Gambia (\u00c1frica Ecuatorial).<\/p>\n","protected":false},"excerpt":{"rendered":"<p>CONIN fue fundada por el Dr. Abel Pascual Albino en la provincia de Mendoza, en la Argentina, el 4 de septiembre de 1993. Albino tom\u00f3 el exitoso modelo de CONIN [&hellip;]<\/p>\n","protected":false},"author":1,"featured_media":0,"parent":0,"menu_order":5,"comment_status":"closed","ping_status":"closed","template":"","meta":{"_acf_changed":false,"footnotes":""},"class_list":["post-127","page","type-page","status-publish","hentry"],"acf":[],"_links":{"self":[{"href":"https:\/\/www.coninsanmiguel.com.ar\/web\/index.php?rest_route=\/wp\/v2\/pages\/127","targetHints":{"allow":["GET"]}}],"collection":[{"href":"https:\/\/www.coninsanmiguel.com.ar\/web\/index.php?rest_route=\/wp\/v2\/pages"}],"about":[{"href":"https:\/\/www.coninsanmiguel.com.ar\/web\/index.php?rest_route=\/wp\/v2\/types\/page"}],"author":[{"embeddable":true,"href":"https:\/\/www.coninsanmiguel.com.ar\/web\/index.php?rest_route=\/wp\/v2\/users\/1"}],"replies":[{"embeddable":true,"href":"https:\/\/www.coninsanmiguel.com.ar\/web\/index.php?rest_route=%2Fwp%2Fv2%2Fcomments&post=127"}],"version-history":[{"count":4,"href":"https:\/\/www.coninsanmiguel.com.ar\/web\/index.php?rest_route=\/wp\/v2\/pages\/127\/revisions"}],"predecessor-version":[{"id":338,"href":"https:\/\/www.coninsanmiguel.com.ar\/web\/index.php?rest_route=\/wp\/v2\/pages\/127\/revisions\/338"}],"wp:attachment":[{"href":"https:\/\/www.coninsanmiguel.com.ar\/web\/index.php?rest_route=%2Fwp%2Fv2%2Fmedia&parent=127"}],"curies":[{"name":"wp","href":"https:\/\/api.w.org\/{rel}","templated":true}]}}