{"id":101,"date":"2017-05-02T23:00:11","date_gmt":"2017-05-03T02:00:11","guid":{"rendered":"https:\/\/modernthemes.net\/demo\/business\/?page_id=101"},"modified":"2017-06-05T18:07:57","modified_gmt":"2017-06-05T21:07:57","slug":"programas-de-desarrollo-integral-de-las-familias","status":"publish","type":"page","link":"https:\/\/www.coninsanmiguel.com.ar\/web\/?page_id=101","title":{"rendered":"Programas de desarrollo integral de las familias"},"content":{"rendered":"<p><strong><img loading=\"lazy\" decoding=\"async\" class=\"size-full wp-image-420 alignnone\" src=\"https:\/\/www.coninsanmiguel.com.ar\/web\/wp-content\/uploads\/2017\/05\/madre2-800x451.jpg\" alt=\"\" width=\"800\" height=\"451\" srcset=\"https:\/\/www.coninsanmiguel.com.ar\/web\/wp-content\/uploads\/2017\/05\/madre2-800x451.jpg 800w, https:\/\/www.coninsanmiguel.com.ar\/web\/wp-content\/uploads\/2017\/05\/madre2-800x451-300x169.jpg 300w, https:\/\/www.coninsanmiguel.com.ar\/web\/wp-content\/uploads\/2017\/05\/madre2-800x451-768x433.jpg 768w\" sizes=\"auto, (max-width: 800px) 100vw, 800px\" \/><\/strong><\/p>\n<p><strong>CONIN<\/strong> trabaja para <strong>promover el desarrollo humano\u00a0 de la familia<\/strong>, buscando elevar las expectativas culturales y sociales, sin caer en el asistencialismo simplista, que genera dependencia.<\/p>\n<blockquote><p>\u201cLa educaci\u00f3n de la madre, como principal agente sanitario es la base de todas las intervenciones que se desarrollan para la recuperaci\u00f3n del ni\u00f1o, y es a trav\u00e9s de ella que se busca la integraci\u00f3n de la familia y de la comunidad.\u201d<\/p><\/blockquote>\n<ul>\n<li>Se han puesto en marcha una serie de\u00a0 programas que les ofrece a las <strong>madres<\/strong>, semanalmente, talleres formativos y educativos, y actividades tendientes a incentivar y promover el trabajo: Charlas sobre l\u00edmites, nutrici\u00f3n, estimulaci\u00f3n, desarrollo infantil, adicciones, sexualidad, v\u00ednculos e higiene, entre otras cosas. Se organizan talleres de manualidades, cocina y huerta\u00a0 todos dictados por nuestros profesionales y por las voluntarias.<\/li>\n<\/ul>\n<p>Para las actividades de los <strong>ni\u00f1os<\/strong> contamos, adem\u00e1s de 2\u00a0 salitas, con un parque, lugar de juegos y esparcimiento, orientado siempre a una buena estimulaci\u00f3n\u00a0 que favorezca su crecimiento y desarrollo. Son atendidos por maestras jardineras, estimuladoras y voluntarias que con su buena disposici\u00f3n logran un buen espacio de contenci\u00f3n.<\/p>\n","protected":false},"excerpt":{"rendered":"<p>CONIN trabaja para promover el desarrollo humano\u00a0 de la familia, buscando elevar las expectativas culturales y sociales, sin caer en el asistencialismo simplista, que genera dependencia. \u201cLa educaci\u00f3n de la [&hellip;]<\/p>\n","protected":false},"author":1,"featured_media":0,"parent":0,"menu_order":8,"comment_status":"closed","ping_status":"closed","template":"","meta":{"_acf_changed":false,"footnotes":""},"class_list":["post-101","page","type-page","status-publish","hentry"],"acf":[],"_links":{"self":[{"href":"https:\/\/www.coninsanmiguel.com.ar\/web\/index.php?rest_route=\/wp\/v2\/pages\/101","targetHints":{"allow":["GET"]}}],"collection":[{"href":"https:\/\/www.coninsanmiguel.com.ar\/web\/index.php?rest_route=\/wp\/v2\/pages"}],"about":[{"href":"https:\/\/www.coninsanmiguel.com.ar\/web\/index.php?rest_route=\/wp\/v2\/types\/page"}],"author":[{"embeddable":true,"href":"https:\/\/www.coninsanmiguel.com.ar\/web\/index.php?rest_route=\/wp\/v2\/users\/1"}],"replies":[{"embeddable":true,"href":"https:\/\/www.coninsanmiguel.com.ar\/web\/index.php?rest_route=%2Fwp%2Fv2%2Fcomments&post=101"}],"version-history":[{"count":7,"href":"https:\/\/www.coninsanmiguel.com.ar\/web\/index.php?rest_route=\/wp\/v2\/pages\/101\/revisions"}],"predecessor-version":[{"id":421,"href":"https:\/\/www.coninsanmiguel.com.ar\/web\/index.php?rest_route=\/wp\/v2\/pages\/101\/revisions\/421"}],"wp:attachment":[{"href":"https:\/\/www.coninsanmiguel.com.ar\/web\/index.php?rest_route=%2Fwp%2Fv2%2Fmedia&parent=101"}],"curies":[{"name":"wp","href":"https:\/\/api.w.org\/{rel}","templated":true}]}}